{"id":1468,"date":"2025-10-14T15:14:04","date_gmt":"2025-10-14T13:14:04","guid":{"rendered":"https:\/\/www.goldofengadine.ch\/ueber\/"},"modified":"2025-11-18T09:27:29","modified_gmt":"2025-11-18T08:27:29","slug":"ueber","status":"publish","type":"page","link":"https:\/\/www.goldofengadine.ch\/de\/ueber\/","title":{"rendered":"\u00dcber"},"content":{"rendered":"\t\t<div data-elementor-type=\"wp-page\" data-elementor-id=\"1468\" class=\"elementor elementor-1468 elementor-19\" data-elementor-post-type=\"page\">\n\t\t\t\t<div class=\"elementor-element elementor-element-a90bad5 e-flex e-con-boxed e-con e-parent\" data-id=\"a90bad5\" data-element_type=\"container\" data-e-type=\"container\" data-settings=\"{&quot;background_background&quot;:&quot;classic&quot;}\">\n\t\t\t\t\t<div class=\"e-con-inner\">\n\t\t\t\t<div class=\"elementor-element elementor-element-c443b47 elementor-widget elementor-widget-heading\" data-id=\"c443b47\" data-element_type=\"widget\" data-e-type=\"widget\" data-widget_type=\"heading.default\">\n\t\t\t\t\t<h1 class=\"elementor-heading-title elementor-size-default\">Unsere Geschichte beginnt mit Liebe<\/h1>\t\t\t\t<\/div>\n\t\t\t\t<div class=\"elementor-element elementor-element-b6430c2 elementor-widget__width-initial elementor-widget elementor-widget-text-editor\" data-id=\"b6430c2\" data-element_type=\"widget\" data-e-type=\"widget\" data-widget_type=\"text-editor.default\">\n\t\t\t\t\t\t\t\t\t<p>Eingebettet im Herzen von St. Moritz wurde Gold of Engadine aus einer einfachen, aber kraftvollen Leidenschaft geboren \u2013 einer tiefen Liebe zum English Cocker Spaniel.<\/p>\t\t\t\t\t\t\t\t<\/div>\n\t\t\t\t\t<\/div>\n\t\t\t\t<\/div>\n\t\t<div class=\"elementor-element elementor-element-31a0e75 e-flex e-con-boxed e-con e-parent\" data-id=\"31a0e75\" data-element_type=\"container\" data-e-type=\"container\" data-settings=\"{&quot;background_background&quot;:&quot;classic&quot;}\">\n\t\t\t\t\t<div class=\"e-con-inner\">\n\t\t<div class=\"elementor-element elementor-element-049bfb8 e-con-full e-flex e-con e-child\" data-id=\"049bfb8\" data-element_type=\"container\" data-e-type=\"container\">\n\t\t<div class=\"elementor-element elementor-element-570fc4c e-con-full e-flex e-con e-child\" data-id=\"570fc4c\" data-element_type=\"container\" data-e-type=\"container\">\n\t\t<div class=\"elementor-element elementor-element-73eed64 e-con-full e-flex e-con e-child\" data-id=\"73eed64\" data-element_type=\"container\" data-e-type=\"container\" data-settings=\"{&quot;background_background&quot;:&quot;classic&quot;}\">\n\t\t\t\t<\/div>\n\t\t<div class=\"elementor-element elementor-element-0bd7b6f e-con-full e-flex e-con e-child\" data-id=\"0bd7b6f\" data-element_type=\"container\" data-e-type=\"container\" data-settings=\"{&quot;background_background&quot;:&quot;classic&quot;}\">\n\t\t\t\t<\/div>\n\t\t\t\t<\/div>\n\t\t<div class=\"elementor-element elementor-element-13e4ee8 e-con-full e-flex e-con e-child\" data-id=\"13e4ee8\" data-element_type=\"container\" data-e-type=\"container\">\n\t\t\t\t<div class=\"elementor-element elementor-element-9d74f7a elementor-widget elementor-widget-heading\" data-id=\"9d74f7a\" data-element_type=\"widget\" data-e-type=\"widget\" data-widget_type=\"heading.default\">\n\t\t\t\t\t<h4 class=\"elementor-heading-title elementor-size-default\">Mit Herz und Respekt aufgezogen<\/h4>\t\t\t\t<\/div>\n\t\t\t\t<div class=\"elementor-element elementor-element-3e345d6 elementor-widget elementor-widget-text-editor\" data-id=\"3e345d6\" data-element_type=\"widget\" data-e-type=\"widget\" data-widget_type=\"text-editor.default\">\n\t\t\t\t\t\t\t\t\t<p>Wir glauben, dass jeder Hund mehr als nur Pflege verdient \u2013 er verdient Verst\u00e4ndnis, Kameradschaft und Respekt!<\/p>\n<p>Vom ersten Atemzug bis zu dem Moment, in dem sie ihr Zuhause f\u00fcr immer finden, sind sie Familie \u2013 aufgezogen mit Z\u00e4rtlichkeit, Geduld und Hingabe.<\/p>\n<p>Vom ersten Atemzug bis zu dem Moment, in dem sie ihr Zuhause f\u00fcr immer finden, sind sie Familie \u2013 aufgezogen mit Z\u00e4rtlichkeit, Geduld und Hingabe.<\/p>\t\t\t\t\t\t\t\t<\/div>\n\t\t\t\t<\/div>\n\t\t\t\t<\/div>\n\t\t\t\t<div class=\"elementor-element elementor-element-115d306 elementor-absolute elementor-widget elementor-widget-image\" data-id=\"115d306\" data-element_type=\"widget\" data-e-type=\"widget\" data-settings=\"{&quot;_position&quot;:&quot;absolute&quot;}\" data-widget_type=\"image.default\">\n\t\t\t\t\t\t\t\t\t\t\t\t\t\t\t<img decoding=\"async\" width=\"183\" height=\"189\" src=\"https:\/\/www.goldofengadine.ch\/wp-content\/uploads\/2025\/10\/puppy-vactor.webp\" class=\"attachment-large size-large wp-image-1472\" alt=\"Welpen-Vactor\" \/>\t\t\t\t\t\t\t\t\t\t\t\t\t\t\t<\/div>\n\t\t\t\t<div class=\"elementor-element elementor-element-1cf5c62 elementor-absolute elementor-widget elementor-widget-image\" data-id=\"1cf5c62\" data-element_type=\"widget\" data-e-type=\"widget\" data-settings=\"{&quot;_position&quot;:&quot;absolute&quot;}\" data-widget_type=\"image.default\">\n\t\t\t\t\t\t\t\t\t\t\t\t\t\t\t<img decoding=\"async\" width=\"183\" height=\"189\" src=\"https:\/\/www.goldofengadine.ch\/wp-content\/uploads\/2025\/10\/puppy-vactor.webp\" class=\"attachment-large size-large wp-image-1472\" alt=\"Welpen-Vactor\" \/>\t\t\t\t\t\t\t\t\t\t\t\t\t\t\t<\/div>\n\t\t\t\t\t<\/div>\n\t\t\t\t<\/div>\n\t\t<div class=\"elementor-element elementor-element-50a0a3e e-flex e-con-boxed e-con e-parent\" data-id=\"50a0a3e\" data-element_type=\"container\" data-e-type=\"container\" data-settings=\"{&quot;background_background&quot;:&quot;gradient&quot;}\">\n\t\t\t\t\t<div class=\"e-con-inner\">\n\t\t<div class=\"elementor-element elementor-element-afceeba e-con-full e-flex e-con e-child\" data-id=\"afceeba\" data-element_type=\"container\" data-e-type=\"container\">\n\t\t\t\t<div class=\"elementor-element elementor-element-e7d5e63 elementor-widget elementor-widget-heading\" data-id=\"e7d5e63\" data-element_type=\"widget\" data-e-type=\"widget\" data-widget_type=\"heading.default\">\n\t\t\t\t\t<h2 class=\"elementor-heading-title elementor-size-default\">Im Herzen der Alpen<\/h2>\t\t\t\t<\/div>\n\t\t\t\t<div class=\"elementor-element elementor-element-151e46b elementor-widget__width-initial elementor-widget elementor-widget-text-editor\" data-id=\"151e46b\" data-element_type=\"widget\" data-e-type=\"widget\" data-widget_type=\"text-editor.default\">\n\t\t\t\t\t\t\t\t\t<p>Unser Zuhause in St. Moritz ist mehr als ein Ort \u2013 es ist ein Refugium.<\/p><p>Die weitl\u00e4ufigen Alpenwiesen, die saubere Luft und die friedliche Umgebung schaffen die perfekte Umgebung f\u00fcr unsere Welpen, um sie zu erkunden, zu spielen und zu wachsen.<\/p>\t\t\t\t\t\t\t\t<\/div>\n\t\t<div class=\"elementor-element elementor-element-6af0953 e-con-full elementor-hidden-mobile e-flex e-con e-child\" data-id=\"6af0953\" data-element_type=\"container\" data-e-type=\"container\" data-settings=\"{&quot;background_background&quot;:&quot;gradient&quot;}\">\n\t\t\t\t<div class=\"elementor-element elementor-element-09ad84e elementor-widget elementor-widget-video\" data-id=\"09ad84e\" data-element_type=\"widget\" data-e-type=\"widget\" data-settings=\"{&quot;youtube_url&quot;:&quot;https:\\\/\\\/www.youtube.com\\\/watch?v=XHOmBV4js_E&quot;,&quot;yt_privacy&quot;:&quot;yes&quot;,&quot;lazy_load&quot;:&quot;yes&quot;,&quot;show_image_overlay&quot;:&quot;yes&quot;,&quot;image_overlay&quot;:{&quot;url&quot;:&quot;https:\\\/\\\/www.goldofengadine.ch\\\/wp-content\\\/uploads\\\/2025\\\/10\\\/e2c25ca9ae9b88fe02087f0058c527e0e27fe5fc-1-scaled.webp&quot;,&quot;id&quot;:179,&quot;size&quot;:&quot;&quot;,&quot;alt&quot;:&quot;e2c25ca9ae9b88fe02087f0058c527e0e27fe5fc (1)&quot;,&quot;source&quot;:&quot;library&quot;},&quot;lightbox&quot;:&quot;yes&quot;,&quot;lightbox_content_animation&quot;:&quot;fadeIn&quot;,&quot;video_type&quot;:&quot;youtube&quot;}\" data-widget_type=\"video.default\">\n\t\t\t\t\t\t\t<div class=\"elementor-wrapper elementor-open-lightbox\">\n\t\t\t\t\t\t\t<div class=\"elementor-custom-embed-image-overlay\" data-elementor-open-lightbox=\"yes\" data-elementor-lightbox=\"{&quot;type&quot;:&quot;video&quot;,&quot;videoType&quot;:&quot;youtube&quot;,&quot;url&quot;:&quot;https:\\\/\\\/www.youtube-nocookie.com\\\/embed\\\/XHOmBV4js_E?feature=oembed&amp;start&amp;end&amp;wmode=opaque&amp;loop=0&amp;controls=0&amp;mute=0&amp;rel=0&amp;cc_load_policy=0&quot;,&quot;autoplay&quot;:&quot;&quot;,&quot;modalOptions&quot;:{&quot;id&quot;:&quot;elementor-lightbox-09ad84e&quot;,&quot;entranceAnimation&quot;:&quot;fadeIn&quot;,&quot;entranceAnimation_tablet&quot;:&quot;&quot;,&quot;entranceAnimation_mobile&quot;:&quot;&quot;,&quot;videoAspectRatio&quot;:&quot;219&quot;}}\" data-e-action-hash=\"#elementor-action%3Aaction%3Dlightbox%26settings%3DeyJ0eXBlIjoidmlkZW8iLCJ2aWRlb1R5cGUiOiJ5b3V0dWJlIiwidXJsIjoiaHR0cHM6XC9cL3d3dy55b3V0dWJlLW5vY29va2llLmNvbVwvZW1iZWRcL1hIT21CVjRqc19FP2ZlYXR1cmU9b2VtYmVkJnN0YXJ0JmVuZCZ3bW9kZT1vcGFxdWUmbG9vcD0wJmNvbnRyb2xzPTAmbXV0ZT0wJnJlbD0wJmNjX2xvYWRfcG9saWN5PTAiLCJhdXRvcGxheSI6IiIsIm1vZGFsT3B0aW9ucyI6eyJpZCI6ImVsZW1lbnRvci1saWdodGJveC0wOWFkODRlIiwiZW50cmFuY2VBbmltYXRpb24iOiJmYWRlSW4iLCJlbnRyYW5jZUFuaW1hdGlvbl90YWJsZXQiOiIiLCJlbnRyYW5jZUFuaW1hdGlvbl9tb2JpbGUiOiIiLCJ2aWRlb0FzcGVjdFJhdGlvIjoiMjE5In19\">\n\t\t\t\t\t\t\t\t\t\t\t<img decoding=\"async\" src=\"https:\/\/www.goldofengadine.ch\/wp-content\/uploads\/2025\/10\/e2c25ca9ae9b88fe02087f0058c527e0e27fe5fc-1-scaled.webp\" title=\"\" alt=\"e2c25ca9ae9b88fe02087f0058c527e0e27fe5fc (1)\" loading=\"lazy\" \/>\t\t\t\t\t\t\t\t\t\t\t\t\t\t<\/div>\n\t\t\t\t\t<\/div>\n\t\t\t\t\t\t<\/div>\n\t\t\t\t<\/div>\n\t\t<div class=\"elementor-element elementor-element-26c7511 e-con-full elementor-hidden-desktop elementor-hidden-laptop elementor-hidden-tablet e-flex e-con e-child\" data-id=\"26c7511\" data-element_type=\"container\" data-e-type=\"container\" data-settings=\"{&quot;background_background&quot;:&quot;gradient&quot;}\">\n\t\t\t\t<div class=\"elementor-element elementor-element-bb7018c elementor-widget elementor-widget-video\" data-id=\"bb7018c\" data-element_type=\"widget\" data-e-type=\"widget\" data-settings=\"{&quot;youtube_url&quot;:&quot;https:\\\/\\\/www.youtube.com\\\/watch?v=XHOmBV4js_E&quot;,&quot;yt_privacy&quot;:&quot;yes&quot;,&quot;lazy_load&quot;:&quot;yes&quot;,&quot;show_image_overlay&quot;:&quot;yes&quot;,&quot;image_overlay&quot;:{&quot;url&quot;:&quot;https:\\\/\\\/www.goldofengadine.ch\\\/wp-content\\\/uploads\\\/2025\\\/10\\\/e2c25ca9ae9b88fe02087f0058c527e0e27fe5fc-1-scaled.webp&quot;,&quot;id&quot;:179,&quot;size&quot;:&quot;&quot;,&quot;alt&quot;:&quot;e2c25ca9ae9b88fe02087f0058c527e0e27fe5fc (1)&quot;,&quot;source&quot;:&quot;library&quot;},&quot;lightbox&quot;:&quot;yes&quot;,&quot;lightbox_content_animation&quot;:&quot;fadeIn&quot;,&quot;video_type&quot;:&quot;youtube&quot;}\" data-widget_type=\"video.default\">\n\t\t\t\t\t\t\t<div class=\"elementor-wrapper elementor-open-lightbox\">\n\t\t\t\t\t\t\t<div class=\"elementor-custom-embed-image-overlay\" data-elementor-open-lightbox=\"yes\" data-elementor-lightbox=\"{&quot;type&quot;:&quot;video&quot;,&quot;videoType&quot;:&quot;youtube&quot;,&quot;url&quot;:&quot;https:\\\/\\\/www.youtube-nocookie.com\\\/embed\\\/XHOmBV4js_E?feature=oembed&amp;start&amp;end&amp;wmode=opaque&amp;loop=0&amp;controls=0&amp;mute=0&amp;rel=0&amp;cc_load_policy=0&quot;,&quot;autoplay&quot;:&quot;&quot;,&quot;modalOptions&quot;:{&quot;id&quot;:&quot;elementor-lightbox-bb7018c&quot;,&quot;entranceAnimation&quot;:&quot;fadeIn&quot;,&quot;entranceAnimation_tablet&quot;:&quot;&quot;,&quot;entranceAnimation_mobile&quot;:&quot;&quot;,&quot;videoAspectRatio&quot;:&quot;11&quot;}}\" data-e-action-hash=\"#elementor-action%3Aaction%3Dlightbox%26settings%3DeyJ0eXBlIjoidmlkZW8iLCJ2aWRlb1R5cGUiOiJ5b3V0dWJlIiwidXJsIjoiaHR0cHM6XC9cL3d3dy55b3V0dWJlLW5vY29va2llLmNvbVwvZW1iZWRcL1hIT21CVjRqc19FP2ZlYXR1cmU9b2VtYmVkJnN0YXJ0JmVuZCZ3bW9kZT1vcGFxdWUmbG9vcD0wJmNvbnRyb2xzPTAmbXV0ZT0wJnJlbD0wJmNjX2xvYWRfcG9saWN5PTAiLCJhdXRvcGxheSI6IiIsIm1vZGFsT3B0aW9ucyI6eyJpZCI6ImVsZW1lbnRvci1saWdodGJveC1iYjcwMThjIiwiZW50cmFuY2VBbmltYXRpb24iOiJmYWRlSW4iLCJlbnRyYW5jZUFuaW1hdGlvbl90YWJsZXQiOiIiLCJlbnRyYW5jZUFuaW1hdGlvbl9tb2JpbGUiOiIiLCJ2aWRlb0FzcGVjdFJhdGlvIjoiMTEifX0%3D\">\n\t\t\t\t\t\t\t\t\t\t\t<img decoding=\"async\" src=\"https:\/\/www.goldofengadine.ch\/wp-content\/uploads\/2025\/10\/e2c25ca9ae9b88fe02087f0058c527e0e27fe5fc-1-scaled.webp\" title=\"\" alt=\"e2c25ca9ae9b88fe02087f0058c527e0e27fe5fc (1)\" loading=\"lazy\" \/>\t\t\t\t\t\t\t\t\t\t\t\t\t\t<\/div>\n\t\t\t\t\t<\/div>\n\t\t\t\t\t\t<\/div>\n\t\t\t\t<\/div>\n\t\t\t\t<\/div>\n\t\t\t\t\t<\/div>\n\t\t\t\t<\/div>\n\t\t<div class=\"elementor-element elementor-element-f94aa8a e-flex e-con-boxed e-con e-parent\" data-id=\"f94aa8a\" data-element_type=\"container\" data-e-type=\"container\" data-settings=\"{&quot;background_background&quot;:&quot;classic&quot;}\">\n\t\t\t\t\t<div class=\"e-con-inner\">\n\t\t<div class=\"elementor-element elementor-element-f2c68b5 e-con-full e-flex e-con e-child\" data-id=\"f2c68b5\" data-element_type=\"container\" data-e-type=\"container\">\n\t\t\t\t<div class=\"elementor-element elementor-element-7fce10e elementor-widget elementor-widget-heading\" data-id=\"7fce10e\" data-element_type=\"widget\" data-e-type=\"widget\" data-widget_type=\"heading.default\">\n\t\t\t\t\t<h3 class=\"elementor-heading-title elementor-size-default\">Unser Engagement f\u00fcr Gesundheit &amp; Ethik<\/h3>\t\t\t\t<\/div>\n\t\t\t\t<div class=\"elementor-element elementor-element-237d9d5 elementor-widget elementor-widget-text-editor\" data-id=\"237d9d5\" data-element_type=\"widget\" data-e-type=\"widget\" data-widget_type=\"text-editor.default\">\n\t\t\t\t\t\t\t\t\t<p>Wir haben uns einer verantwortungsvollen Zucht verschrieben \u2013 mit Fokus auf Gesundheit, Temperament und Langlebigkeit.<br>Wir arbeiten mit Veterin\u00e4rmedizinern zusammen und befolgen internationale Best Practices f\u00fcr das Wohlergehen von Hunden.<\/p>\t\t\t\t\t\t\t\t<\/div>\n\t\t<div class=\"elementor-element elementor-element-5004cd1 e-con-full e-grid e-con e-child\" data-id=\"5004cd1\" data-element_type=\"container\" data-e-type=\"container\">\n\t\t<div class=\"elementor-element elementor-element-c1674bf e-con-full e-flex e-con e-child\" data-id=\"c1674bf\" data-element_type=\"container\" data-e-type=\"container\" data-settings=\"{&quot;background_background&quot;:&quot;classic&quot;}\">\n\t\t\t\t<div class=\"elementor-element elementor-element-be9b585 elementor-widget elementor-widget-image\" data-id=\"be9b585\" data-element_type=\"widget\" data-e-type=\"widget\" data-widget_type=\"image.default\">\n\t\t\t\t\t\t\t\t\t\t\t\t\t\t\t<img decoding=\"async\" width=\"100\" height=\"100\" src=\"https:\/\/www.goldofengadine.ch\/wp-content\/uploads\/2025\/10\/commitment-1.webp\" class=\"attachment-full size-full wp-image-1474\" alt=\"Engagement-1\" \/>\t\t\t\t\t\t\t\t\t\t\t\t\t\t\t<\/div>\n\t\t\t\t<div class=\"elementor-element elementor-element-f5c02b1 elementor-widget elementor-widget-heading\" data-id=\"f5c02b1\" data-element_type=\"widget\" data-e-type=\"widget\" data-widget_type=\"heading.default\">\n\t\t\t\t\t<h4 class=\"elementor-heading-title elementor-size-default\">Regelm\u00e4\u00dfige tier\u00e4rztliche Kontrollen<\/h4>\t\t\t\t<\/div>\n\t\t\t\t<div class=\"elementor-element elementor-element-5453f43 elementor-widget elementor-widget-text-editor\" data-id=\"5453f43\" data-element_type=\"widget\" data-e-type=\"widget\" data-widget_type=\"text-editor.default\">\n\t\t\t\t\t\t\t\t\t<p>Jeder Welpe erh\u00e4lt eine vollst\u00e4ndige Gesundheits\u00fcberwachung.<\/p>\t\t\t\t\t\t\t\t<\/div>\n\t\t\t\t<\/div>\n\t\t<div class=\"elementor-element elementor-element-2e82b20 e-con-full e-flex e-con e-child\" data-id=\"2e82b20\" data-element_type=\"container\" data-e-type=\"container\" data-settings=\"{&quot;background_background&quot;:&quot;classic&quot;}\">\n\t\t\t\t<div class=\"elementor-element elementor-element-6e696ca elementor-widget elementor-widget-image\" data-id=\"6e696ca\" data-element_type=\"widget\" data-e-type=\"widget\" data-widget_type=\"image.default\">\n\t\t\t\t\t\t\t\t\t\t\t\t\t\t\t<img decoding=\"async\" width=\"70\" height=\"110\" src=\"https:\/\/www.goldofengadine.ch\/wp-content\/uploads\/2025\/10\/commitment-2.webp\" class=\"attachment-full size-full wp-image-1475\" alt=\"Engagement-2\" \/>\t\t\t\t\t\t\t\t\t\t\t\t\t\t\t<\/div>\n\t\t\t\t<div class=\"elementor-element elementor-element-5b1ce23 elementor-widget elementor-widget-heading\" data-id=\"5b1ce23\" data-element_type=\"widget\" data-e-type=\"widget\" data-widget_type=\"heading.default\">\n\t\t\t\t\t<h4 class=\"elementor-heading-title elementor-size-default\">Genetisches Screening<\/h4>\t\t\t\t<\/div>\n\t\t\t\t<div class=\"elementor-element elementor-element-51e146c elementor-widget elementor-widget-text-editor\" data-id=\"51e146c\" data-element_type=\"widget\" data-e-type=\"widget\" data-widget_type=\"text-editor.default\">\n\t\t\t\t\t\t\t\t\t<p>Wir w\u00e4hlen nur gesunde, ausgewogene Blutlinien aus.<\/p>\t\t\t\t\t\t\t\t<\/div>\n\t\t\t\t<\/div>\n\t\t<div class=\"elementor-element elementor-element-cef4104 e-con-full e-flex e-con e-child\" data-id=\"cef4104\" data-element_type=\"container\" data-e-type=\"container\" data-settings=\"{&quot;background_background&quot;:&quot;classic&quot;}\">\n\t\t\t\t<div class=\"elementor-element elementor-element-94c73ee elementor-widget elementor-widget-image\" data-id=\"94c73ee\" data-element_type=\"widget\" data-e-type=\"widget\" data-widget_type=\"image.default\">\n\t\t\t\t\t\t\t\t\t\t\t\t\t\t\t<img loading=\"lazy\" decoding=\"async\" width=\"100\" height=\"95\" src=\"https:\/\/www.goldofengadine.ch\/wp-content\/uploads\/2025\/10\/commitment-3.webp\" class=\"attachment-full size-full wp-image-1476\" alt=\"Engagement-3\" \/>\t\t\t\t\t\t\t\t\t\t\t\t\t\t\t<\/div>\n\t\t\t\t<div class=\"elementor-element elementor-element-b838d1c elementor-widget elementor-widget-heading\" data-id=\"b838d1c\" data-element_type=\"widget\" data-e-type=\"widget\" data-widget_type=\"heading.default\">\n\t\t\t\t\t<h4 class=\"elementor-heading-title elementor-size-default\">Ethische Zuchtstandards<\/h4>\t\t\t\t<\/div>\n\t\t\t\t<div class=\"elementor-element elementor-element-3de5262 elementor-widget elementor-widget-text-editor\" data-id=\"3de5262\" data-element_type=\"widget\" data-e-type=\"widget\" data-widget_type=\"text-editor.default\">\n\t\t\t\t\t\t\t\t\t<p>Keine \u00dcberzucht, keine Abk\u00fcrzungen, immer mit Respekt.<\/p>\t\t\t\t\t\t\t\t<\/div>\n\t\t\t\t<\/div>\n\t\t<div class=\"elementor-element elementor-element-2bdcd6c e-con-full e-flex e-con e-child\" data-id=\"2bdcd6c\" data-element_type=\"container\" data-e-type=\"container\" data-settings=\"{&quot;background_background&quot;:&quot;classic&quot;}\">\n\t\t\t\t<div class=\"elementor-element elementor-element-c7e7b4c elementor-widget elementor-widget-image\" data-id=\"c7e7b4c\" data-element_type=\"widget\" data-e-type=\"widget\" data-widget_type=\"image.default\">\n\t\t\t\t\t\t\t\t\t\t\t\t\t\t\t<img loading=\"lazy\" decoding=\"async\" width=\"100\" height=\"92\" src=\"https:\/\/www.goldofengadine.ch\/wp-content\/uploads\/2025\/10\/commitment-4.webp\" class=\"attachment-full size-full wp-image-1477\" alt=\"Engagement-4\" \/>\t\t\t\t\t\t\t\t\t\t\t\t\t\t\t<\/div>\n\t\t\t\t<div class=\"elementor-element elementor-element-b3a72eb elementor-widget elementor-widget-heading\" data-id=\"b3a72eb\" data-element_type=\"widget\" data-e-type=\"widget\" data-widget_type=\"heading.default\">\n\t\t\t\t\t<h4 class=\"elementor-heading-title elementor-size-default\">Fr\u00fche Sozialisierung<\/h4>\t\t\t\t<\/div>\n\t\t\t\t<div class=\"elementor-element elementor-element-c6da696 elementor-widget elementor-widget-text-editor\" data-id=\"c6da696\" data-element_type=\"widget\" data-e-type=\"widget\" data-widget_type=\"text-editor.default\">\n\t\t\t\t\t\t\t\t\t<p>Von Anfang an Kontakt mit Ger\u00e4uschen, Menschen und sanftem Spiel.<\/p>\t\t\t\t\t\t\t\t<\/div>\n\t\t\t\t<\/div>\n\t\t\t\t<\/div>\n\t\t\t\t<\/div>\n\t\t\t\t\t<\/div>\n\t\t\t\t<\/div>\n\t\t\t\t<\/div>\n\t\t","protected":false},"excerpt":{"rendered":"<p>Unsere Geschichte beginnt mit Liebe Eingebettet im Herzen von St. Moritz wurde Gold of Engadine aus einer einfachen, aber kraftvollen Leidenschaft geboren \u2013 einer tiefen Liebe zum English Cocker Spaniel. Mit Herz und Respekt aufgezogen Wir glauben, dass jeder Hund mehr als nur Pflege verdient \u2013 er verdient Verst\u00e4ndnis, Kameradschaft und Respekt! Vom ersten Atemzug [&hellip;]<\/p>\n","protected":false},"author":2,"featured_media":0,"parent":0,"menu_order":0,"comment_status":"closed","ping_status":"closed","template":"","meta":{"_acf_changed":false,"footnotes":""},"class_list":["post-1468","page","type-page","status-publish","hentry"],"acf":[],"_links":{"self":[{"href":"https:\/\/www.goldofengadine.ch\/de\/wp-json\/wp\/v2\/pages\/1468","targetHints":{"allow":["GET"]}}],"collection":[{"href":"https:\/\/www.goldofengadine.ch\/de\/wp-json\/wp\/v2\/pages"}],"about":[{"href":"https:\/\/www.goldofengadine.ch\/de\/wp-json\/wp\/v2\/types\/page"}],"author":[{"embeddable":true,"href":"https:\/\/www.goldofengadine.ch\/de\/wp-json\/wp\/v2\/users\/2"}],"replies":[{"embeddable":true,"href":"https:\/\/www.goldofengadine.ch\/de\/wp-json\/wp\/v2\/comments?post=1468"}],"version-history":[{"count":3,"href":"https:\/\/www.goldofengadine.ch\/de\/wp-json\/wp\/v2\/pages\/1468\/revisions"}],"predecessor-version":[{"id":2085,"href":"https:\/\/www.goldofengadine.ch\/de\/wp-json\/wp\/v2\/pages\/1468\/revisions\/2085"}],"wp:attachment":[{"href":"https:\/\/www.goldofengadine.ch\/de\/wp-json\/wp\/v2\/media?parent=1468"}],"curies":[{"name":"wp","href":"https:\/\/api.w.org\/{rel}","templated":true}]}}